{"id":43,"date":"2025-10-02T16:23:44","date_gmt":"2025-10-02T16:23:44","guid":{"rendered":"http:\/\/cecilejutan.fr\/?page_id=43"},"modified":"2026-02-26T14:11:32","modified_gmt":"2026-02-26T14:11:32","slug":"home","status":"publish","type":"page","link":"https:\/\/cecilejutan.fr\/","title":{"rendered":"Home"},"content":{"rendered":"\t\t<div data-elementor-type=\"wp-page\" data-elementor-id=\"43\" class=\"elementor elementor-43\" data-elementor-post-type=\"page\">\n\t\t\t\t<div class=\"elementor-element elementor-element-4435ab0c e-flex e-con-boxed e-con e-parent\" data-id=\"4435ab0c\" data-element_type=\"container\" data-settings=\"{&quot;background_background&quot;:&quot;classic&quot;}\">\n\t\t\t\t\t<div class=\"e-con-inner\">\n\t\t<div class=\"elementor-element elementor-element-24bc11dd e-con-full e-flex e-con e-child\" data-id=\"24bc11dd\" data-element_type=\"container\">\n\t\t\t\t<div class=\"elementor-element elementor-element-1fef58c4 elementor-invisible elementor-widget elementor-widget-heading\" data-id=\"1fef58c4\" data-element_type=\"widget\" data-settings=\"{&quot;_animation&quot;:&quot;fadeIn&quot;}\" data-widget_type=\"heading.default\">\n\t\t\t\t<div class=\"elementor-widget-container\">\n\t\t\t\t\t<h1 class=\"elementor-heading-title elementor-size-default\">Se  reconnecter \u00e0 l\u2019essentiel<\/h1>\t\t\t\t<\/div>\n\t\t\t\t<\/div>\n\t\t<div class=\"elementor-element elementor-element-33bd5629 e-con-full e-flex e-con e-child\" data-id=\"33bd5629\" data-element_type=\"container\">\n\t\t\t\t<div class=\"elementor-element elementor-element-dc96d25 elementor-widget elementor-widget-heading\" data-id=\"dc96d25\" data-element_type=\"widget\" data-widget_type=\"heading.default\">\n\t\t\t\t<div class=\"elementor-widget-container\">\n\t\t\t\t\t<h5 class=\"elementor-heading-title elementor-size-default\">Cours de Yoga \u2022 Sonoth\u00e9rapie \u2022 Mouvements somatiques \u2022 Rencontres des lieux sacr\u00e9s.<\/h5>\t\t\t\t<\/div>\n\t\t\t\t<\/div>\n\t\t\t\t<div class=\"elementor-element elementor-element-22986f0 elementor-widget elementor-widget-heading\" data-id=\"22986f0\" data-element_type=\"widget\" data-widget_type=\"heading.default\">\n\t\t\t\t<div class=\"elementor-widget-container\">\n\t\t\t\t\t<h5 class=\"elementor-heading-title elementor-size-default\">Bienveillance et \u00e9coute au c\u0153ur de ma pratique.<\/h5>\t\t\t\t<\/div>\n\t\t\t\t<\/div>\n\t\t\t\t<div class=\"elementor-element elementor-element-2c3fe77 elementor-align-center elementor-widget__width-inherit elementor-invisible elementor-widget elementor-widget-button\" data-id=\"2c3fe77\" data-element_type=\"widget\" data-settings=\"{&quot;_animation&quot;:&quot;fadeInDown&quot;}\" data-widget_type=\"button.default\">\n\t\t\t\t<div class=\"elementor-widget-container\">\n\t\t\t\t\t\t\t\t\t<div class=\"elementor-button-wrapper\">\n\t\t\t\t\t<a class=\"elementor-button elementor-button-link elementor-size-sm\" href=\"sms:+33687531745?body=Bonjour%2C%20je%20vous%20contacte%20depuis%20votre%20site.%20Je%20souhaiterai%20prendre%20rendez-vous%20pour%20une%20s%C3%A9ance.\">\n\t\t\t\t\t\t<span class=\"elementor-button-content-wrapper\">\n\t\t\t\t\t\t\t\t\t<span class=\"elementor-button-text\">Prendre rendez-vous par sms<\/span>\n\t\t\t\t\t<\/span>\n\t\t\t\t\t<\/a>\n\t\t\t\t<\/div>\n\t\t\t\t\t\t\t\t<\/div>\n\t\t\t\t<\/div>\n\t\t\t\t<\/div>\n\t\t\t\t<\/div>\n\t\t\t\t\t<\/div>\n\t\t\t\t<\/div>\n\t\t<div class=\"elementor-element elementor-element-a0310a3 e-flex e-con-boxed e-con e-parent\" data-id=\"a0310a3\" data-element_type=\"container\">\n\t\t\t\t\t<div class=\"e-con-inner\">\n\t\t<div class=\"elementor-element elementor-element-3c2aebee e-con-full e-flex e-con e-child\" data-id=\"3c2aebee\" data-element_type=\"container\">\n\t\t\t\t<div class=\"elementor-element elementor-element-3f72187 elementor-widget elementor-widget-image\" data-id=\"3f72187\" data-element_type=\"widget\" data-widget_type=\"image.default\">\n\t\t\t\t<div class=\"elementor-widget-container\">\n\t\t\t\t\t\t\t\t\t\t\t\t\t\t\t<img decoding=\"async\" src=\"https:\/\/cecilejutan.fr\/wp-content\/uploads\/2025\/10\/200036-yoga_dans_un_jardin_zen_bambouseraie_juillet_9_patio.jpg\" title=\"200036-yoga_dans_un_jardin_zen_bambouseraie_juillet_9_patio\" alt=\"200036-yoga_dans_un_jardin_zen_bambouseraie_juillet_9_patio\" loading=\"lazy\" \/>\t\t\t\t\t\t\t\t\t\t\t\t\t\t\t<\/div>\n\t\t\t\t<\/div>\n\t\t\t\t<\/div>\n\t\t<div class=\"elementor-element elementor-element-8d08f6 e-con-full e-flex e-con e-child\" data-id=\"8d08f6\" data-element_type=\"container\">\n\t\t\t\t<div class=\"elementor-element elementor-element-ce436e6 elementor-widget__width-initial elementor-widget elementor-widget-heading\" data-id=\"ce436e6\" data-element_type=\"widget\" data-widget_type=\"heading.default\">\n\t\t\t\t<div class=\"elementor-widget-container\">\n\t\t\t\t\t<h1 class=\"elementor-heading-title elementor-size-default\">Une approche humaine <br>et apaisante<\/h1>\t\t\t\t<\/div>\n\t\t\t\t<\/div>\n\t\t\t\t<div class=\"elementor-element elementor-element-66cf0d5 elementor-widget elementor-widget-text-editor\" data-id=\"66cf0d5\" data-element_type=\"widget\" data-widget_type=\"text-editor.default\">\n\t\t\t\t<div class=\"elementor-widget-container\">\n\t\t\t\t\t\t\t\t\t<p>Je suis C\u00e9cile Jutan, professeure de yoga certifi\u00e9e. Mon enseignement m\u00eale douceur, pr\u00e9cision et adaptation \u00e0 chacun(e). Je vous accueille en cours de yoga individuels ou collectifs, dans un esprit de partage et de bien-\u00eatre.<\/p><p>Je propose \u00e9galement des s\u00e9ances de sonotherapie en individuel et des bains sonores (sound bath) en collectif.<\/p><p>\u00a0<\/p>\t\t\t\t\t\t\t\t<\/div>\n\t\t\t\t<\/div>\n\t\t\t\t<div class=\"elementor-element elementor-element-b07f39d elementor-align-center elementor-widget__width-inherit elementor-invisible elementor-widget elementor-widget-button\" data-id=\"b07f39d\" data-element_type=\"widget\" data-settings=\"{&quot;_animation&quot;:&quot;fadeInDown&quot;}\" data-widget_type=\"button.default\">\n\t\t\t\t<div class=\"elementor-widget-container\">\n\t\t\t\t\t\t\t\t\t<div class=\"elementor-button-wrapper\">\n\t\t\t\t\t<a class=\"elementor-button elementor-button-link elementor-size-sm\" href=\"sms:+33687531745?body=Bonjour%2C%20je%20vous%20contacte%20depuis%20votre%20site.%20Je%20souhaiterai%20prendre%20rendez-vous%20pour%20une%20s%C3%A9ance.\">\n\t\t\t\t\t\t<span class=\"elementor-button-content-wrapper\">\n\t\t\t\t\t\t\t\t\t<span class=\"elementor-button-text\">Prendre rendez-vous par sms<\/span>\n\t\t\t\t\t<\/span>\n\t\t\t\t\t<\/a>\n\t\t\t\t<\/div>\n\t\t\t\t\t\t\t\t<\/div>\n\t\t\t\t<\/div>\n\t\t\t\t<\/div>\n\t\t\t\t\t<\/div>\n\t\t\t\t<\/div>\n\t\t<div class=\"elementor-element elementor-element-634e3232 e-flex e-con-boxed e-con e-parent\" data-id=\"634e3232\" data-element_type=\"container\">\n\t\t\t\t\t<div class=\"e-con-inner\">\n\t\t<div class=\"elementor-element elementor-element-af8ef48 e-con-full e-flex e-con e-child\" data-id=\"af8ef48\" data-element_type=\"container\">\n\t\t\t\t<div class=\"elementor-element elementor-element-63b8126 elementor-widget__width-initial elementor-position-top elementor-widget elementor-widget-image-box\" data-id=\"63b8126\" data-element_type=\"widget\" data-widget_type=\"image-box.default\">\n\t\t\t\t<div class=\"elementor-widget-container\">\n\t\t\t\t\t<div class=\"elementor-image-box-wrapper\"><figure class=\"elementor-image-box-img\"><a href=\"https:\/\/cecilejutan.fr\/?page_id=209\" tabindex=\"-1\"><img decoding=\"async\" src=\"https:\/\/cecilejutan.fr\/wp-content\/uploads\/2025\/12\/IMG_4709-rotated.jpg\" title=\"IMG_4709\" alt=\"IMG_4709\" loading=\"lazy\" \/><\/a><\/figure><div class=\"elementor-image-box-content\"><h3 class=\"elementor-image-box-title\"><a href=\"https:\/\/cecilejutan.fr\/?page_id=209\">YOGA<\/a><\/h3><\/div><\/div>\t\t\t\t<\/div>\n\t\t\t\t<\/div>\n\t\t\t\t<div class=\"elementor-element elementor-element-95995b8 elementor-widget__width-initial elementor-position-top elementor-widget elementor-widget-image-box\" data-id=\"95995b8\" data-element_type=\"widget\" data-widget_type=\"image-box.default\">\n\t\t\t\t<div class=\"elementor-widget-container\">\n\t\t\t\t\t<div class=\"elementor-image-box-wrapper\"><figure class=\"elementor-image-box-img\"><a href=\"https:\/\/cecilejutan.fr\/?page_id=225\" tabindex=\"-1\"><img decoding=\"async\" src=\"https:\/\/cecilejutan.fr\/wp-content\/uploads\/2025\/10\/IMG_1183-scaled.jpg\" title=\"IMG_1183\" alt=\"IMG_1183\" loading=\"lazy\" \/><\/a><\/figure><div class=\"elementor-image-box-content\"><h3 class=\"elementor-image-box-title\"><a href=\"https:\/\/cecilejutan.fr\/?page_id=225\">SONOTHERAPIE<\/a><\/h3><\/div><\/div>\t\t\t\t<\/div>\n\t\t\t\t<\/div>\n\t\t\t\t<div class=\"elementor-element elementor-element-763f893 elementor-widget__width-initial elementor-position-top elementor-widget elementor-widget-image-box\" data-id=\"763f893\" data-element_type=\"widget\" data-widget_type=\"image-box.default\">\n\t\t\t\t<div class=\"elementor-widget-container\">\n\t\t\t\t\t<div class=\"elementor-image-box-wrapper\"><figure class=\"elementor-image-box-img\"><a href=\"https:\/\/cecilejutan.fr\/?page_id=313\" tabindex=\"-1\"><img decoding=\"async\" src=\"https:\/\/cecilejutan.fr\/wp-content\/uploads\/2025\/12\/pexels-miriam-alonso-7592444-scaled.jpg\" title=\"pexels-miriam-alonso-7592444\" alt=\"pexels-miriam-alonso-7592444\" loading=\"lazy\" \/><\/a><\/figure><div class=\"elementor-image-box-content\"><h3 class=\"elementor-image-box-title\"><a href=\"https:\/\/cecilejutan.fr\/?page_id=313\">MOUVEMENTS <br>SOMATIQUES<\/a><\/h3><\/div><\/div>\t\t\t\t<\/div>\n\t\t\t\t<\/div>\n\t\t\t\t<div class=\"elementor-element elementor-element-3f89332 elementor-widget__width-initial elementor-position-top elementor-widget elementor-widget-image-box\" data-id=\"3f89332\" data-element_type=\"widget\" data-widget_type=\"image-box.default\">\n\t\t\t\t<div class=\"elementor-widget-container\">\n\t\t\t\t\t<div class=\"elementor-image-box-wrapper\"><figure class=\"elementor-image-box-img\"><a href=\"https:\/\/cecilejutan.fr\/?page_id=334\" tabindex=\"-1\"><img decoding=\"async\" src=\"https:\/\/cecilejutan.fr\/wp-content\/uploads\/2025\/10\/200036-yoga_dans_un_jardin_zen_bambouseraie_juillet_9_patio.jpg\" title=\"200036-yoga_dans_un_jardin_zen_bambouseraie_juillet_9_patio\" alt=\"200036-yoga_dans_un_jardin_zen_bambouseraie_juillet_9_patio\" loading=\"lazy\" \/><\/a><\/figure><div class=\"elementor-image-box-content\"><h3 class=\"elementor-image-box-title\"><a href=\"https:\/\/cecilejutan.fr\/?page_id=334\">RENCONTRES <br>DES LIEUX SACR\u00c9S<\/a><\/h3><\/div><\/div>\t\t\t\t<\/div>\n\t\t\t\t<\/div>\n\t\t\t\t<\/div>\n\t\t\t\t\t<\/div>\n\t\t\t\t<\/div>\n\t\t<div class=\"elementor-element elementor-element-dd0cc86 e-flex e-con-boxed e-con e-parent\" data-id=\"dd0cc86\" data-element_type=\"container\">\n\t\t\t\t\t<div class=\"e-con-inner\">\n\t\t\t\t<div class=\"elementor-element elementor-element-799dfe9 elementor-widget elementor-widget-heading\" data-id=\"799dfe9\" data-element_type=\"widget\" data-widget_type=\"heading.default\">\n\t\t\t\t<div class=\"elementor-widget-container\">\n\t\t\t\t\t<h1 class=\"elementor-heading-title elementor-size-default\">Galerie photos<\/h1>\t\t\t\t<\/div>\n\t\t\t\t<\/div>\n\t\t\t\t\t<\/div>\n\t\t\t\t<\/div>\n\t\t<div class=\"elementor-element elementor-element-e13a282 e-flex e-con-boxed e-con e-parent\" data-id=\"e13a282\" data-element_type=\"container\">\n\t\t\t\t\t<div class=\"e-con-inner\">\n\t\t\t\t<div class=\"elementor-element elementor-element-b2cb312 elementor-arrows-position-inside elementor-pagination-position-outside elementor-widget elementor-widget-image-carousel\" data-id=\"b2cb312\" data-element_type=\"widget\" data-settings=\"{&quot;slides_to_show&quot;:&quot;4&quot;,&quot;navigation&quot;:&quot;both&quot;,&quot;autoplay&quot;:&quot;yes&quot;,&quot;pause_on_hover&quot;:&quot;yes&quot;,&quot;pause_on_interaction&quot;:&quot;yes&quot;,&quot;autoplay_speed&quot;:5000,&quot;infinite&quot;:&quot;yes&quot;,&quot;speed&quot;:500}\" data-widget_type=\"image-carousel.default\">\n\t\t\t\t<div class=\"elementor-widget-container\">\n\t\t\t\t\t\t\t<div class=\"elementor-image-carousel-wrapper swiper\" role=\"region\" aria-roledescription=\"carousel\" aria-label=\"Image Carousel\" dir=\"ltr\">\n\t\t\t<div class=\"elementor-image-carousel swiper-wrapper\" aria-live=\"off\">\n\t\t\t\t\t\t\t\t<div class=\"swiper-slide\" role=\"group\" aria-roledescription=\"slide\" aria-label=\"1 of 9\"><figure class=\"swiper-slide-inner\"><img decoding=\"async\" class=\"swiper-slide-image\" src=\"https:\/\/cecilejutan.fr\/wp-content\/uploads\/2025\/10\/200036-yoga_dans_un_jardin_zen_bambouseraie_juillet_9_patio.jpg\" alt=\"200036-yoga_dans_un_jardin_zen_bambouseraie_juillet_9_patio\" \/><\/figure><\/div><div class=\"swiper-slide\" role=\"group\" aria-roledescription=\"slide\" aria-label=\"2 of 9\"><figure class=\"swiper-slide-inner\"><img decoding=\"async\" class=\"swiper-slide-image\" src=\"https:\/\/cecilejutan.fr\/wp-content\/uploads\/2025\/10\/PHOTO-2024-05-25-13-32-19-1.jpg\" alt=\"PHOTO-2024-05-25-13-32-19 (1)\" \/><\/figure><\/div><div class=\"swiper-slide\" role=\"group\" aria-roledescription=\"slide\" aria-label=\"3 of 9\"><figure class=\"swiper-slide-inner\"><img decoding=\"async\" class=\"swiper-slide-image\" src=\"https:\/\/cecilejutan.fr\/wp-content\/uploads\/2025\/10\/PHOTO-2023-10-15-19-49-59-3.jpg\" alt=\"PHOTO-2023-10-15-19-49-59 (3)\" \/><\/figure><\/div><div class=\"swiper-slide\" role=\"group\" aria-roledescription=\"slide\" aria-label=\"4 of 9\"><figure class=\"swiper-slide-inner\"><img decoding=\"async\" class=\"swiper-slide-image\" src=\"https:\/\/cecilejutan.fr\/wp-content\/uploads\/2025\/10\/PHOTO-2023-10-15-19-49-59-2.jpg\" alt=\"PHOTO-2023-10-15-19-49-59 (2)\" \/><\/figure><\/div><div class=\"swiper-slide\" role=\"group\" aria-roledescription=\"slide\" aria-label=\"5 of 9\"><figure class=\"swiper-slide-inner\"><img decoding=\"async\" class=\"swiper-slide-image\" src=\"https:\/\/cecilejutan.fr\/wp-content\/uploads\/2025\/10\/PHOTO-2023-10-15-19-49-59-1.jpg\" alt=\"PHOTO-2023-10-15-19-49-59 (1)\" \/><\/figure><\/div><div class=\"swiper-slide\" role=\"group\" aria-roledescription=\"slide\" aria-label=\"6 of 9\"><figure class=\"swiper-slide-inner\"><img decoding=\"async\" class=\"swiper-slide-image\" src=\"https:\/\/cecilejutan.fr\/wp-content\/uploads\/2025\/10\/IMG_4564.jpg\" alt=\"IMG_4564\" \/><\/figure><\/div><div class=\"swiper-slide\" role=\"group\" aria-roledescription=\"slide\" aria-label=\"7 of 9\"><figure class=\"swiper-slide-inner\"><img decoding=\"async\" class=\"swiper-slide-image\" src=\"https:\/\/cecilejutan.fr\/wp-content\/uploads\/2025\/10\/IMG_1147-scaled.jpg\" alt=\"IMG_1147\" \/><\/figure><\/div><div class=\"swiper-slide\" role=\"group\" aria-roledescription=\"slide\" aria-label=\"8 of 9\"><figure class=\"swiper-slide-inner\"><img decoding=\"async\" class=\"swiper-slide-image\" src=\"https:\/\/cecilejutan.fr\/wp-content\/uploads\/2025\/10\/IMG_1129-scaled.jpg\" alt=\"IMG_1129\" \/><\/figure><\/div><div class=\"swiper-slide\" role=\"group\" aria-roledescription=\"slide\" aria-label=\"9 of 9\"><figure class=\"swiper-slide-inner\"><img decoding=\"async\" class=\"swiper-slide-image\" src=\"https:\/\/cecilejutan.fr\/wp-content\/uploads\/2025\/10\/IMG_1114-scaled.jpg\" alt=\"IMG_1114\" \/><\/figure><\/div>\t\t\t<\/div>\n\t\t\t\t\t\t\t\t\t\t\t\t<div class=\"elementor-swiper-button elementor-swiper-button-prev\" role=\"button\" tabindex=\"0\">\n\t\t\t\t\t\t<i aria-hidden=\"true\" class=\"eicon-chevron-left\"><\/i>\t\t\t\t\t<\/div>\n\t\t\t\t\t<div class=\"elementor-swiper-button elementor-swiper-button-next\" role=\"button\" tabindex=\"0\">\n\t\t\t\t\t\t<i aria-hidden=\"true\" class=\"eicon-chevron-right\"><\/i>\t\t\t\t\t<\/div>\n\t\t\t\t\n\t\t\t\t\t\t\t\t\t<div class=\"swiper-pagination\"><\/div>\n\t\t\t\t\t\t\t\t\t<\/div>\n\t\t\t\t\t\t<\/div>\n\t\t\t\t<\/div>\n\t\t\t\t\t<\/div>\n\t\t\t\t<\/div>\n\t\t\t\t<\/div>\n\t\t","protected":false},"excerpt":{"rendered":"<p>Se reconnecter \u00e0 l\u2019essentiel Cours de Yoga \u2022 Sonoth\u00e9rapie \u2022 Mouvements somatiques \u2022 Rencontres des lieux sacr\u00e9s. Bienveillance et \u00e9coute au c\u0153ur de ma pratique. Prendre rendez-vous par sms Une approche humaine et apaisante Je suis C\u00e9cile Jutan, professeure de yoga certifi\u00e9e. Mon enseignement m\u00eale douceur, pr\u00e9cision et adaptation \u00e0 chacun(e). Je vous accueille en [&hellip;]<\/p>\n","protected":false},"author":1,"featured_media":54,"parent":0,"menu_order":0,"comment_status":"closed","ping_status":"closed","template":"elementor_header_footer","meta":{"footnotes":""},"class_list":["post-43","page","type-page","status-publish","has-post-thumbnail","hentry"],"yoast_head":"<!-- This site is optimized with the Yoast SEO plugin v27.4 - https:\/\/yoast.com\/product\/yoast-seo-wordpress\/ -->\n<title>Home - WordPress<\/title>\n<meta name=\"robots\" content=\"index, follow, max-snippet:-1, max-image-preview:large, max-video-preview:-1\" \/>\n<link rel=\"canonical\" href=\"https:\/\/cecilejutan.fr\/\" \/>\n<meta property=\"og:locale\" content=\"en_US\" \/>\n<meta property=\"og:type\" content=\"article\" \/>\n<meta property=\"og:title\" content=\"Home - WordPress\" \/>\n<meta property=\"og:description\" content=\"Se reconnecter \u00e0 l\u2019essentiel Cours de Yoga \u2022 Sonoth\u00e9rapie \u2022 Mouvements somatiques \u2022 Rencontres des lieux sacr\u00e9s. Bienveillance et \u00e9coute au c\u0153ur de ma pratique. Prendre rendez-vous par sms Une approche humaine et apaisante Je suis C\u00e9cile Jutan, professeure de yoga certifi\u00e9e. Mon enseignement m\u00eale douceur, pr\u00e9cision et adaptation \u00e0 chacun(e). Je vous accueille en [&hellip;]\" \/>\n<meta property=\"og:url\" content=\"https:\/\/cecilejutan.fr\/\" \/>\n<meta property=\"og:site_name\" content=\"WordPress\" \/>\n<meta property=\"article:modified_time\" content=\"2026-02-26T14:11:32+00:00\" \/>\n<meta property=\"og:image\" content=\"https:\/\/cecilejutan.fr\/wp-content\/uploads\/2025\/10\/Home-Page.jpg\" \/>\n\t<meta property=\"og:image:width\" content=\"400\" \/>\n\t<meta property=\"og:image:height\" content=\"380\" \/>\n\t<meta property=\"og:image:type\" content=\"image\/jpeg\" \/>\n<meta name=\"twitter:card\" content=\"summary_large_image\" \/>\n<meta name=\"twitter:label1\" content=\"Est. reading time\" \/>\n\t<meta name=\"twitter:data1\" content=\"1 minute\" \/>\n<script type=\"application\/ld+json\" class=\"yoast-schema-graph\">{\"@context\":\"https:\\\/\\\/schema.org\",\"@graph\":[{\"@type\":\"WebPage\",\"@id\":\"https:\\\/\\\/cecilejutan.fr\\\/\",\"url\":\"https:\\\/\\\/cecilejutan.fr\\\/\",\"name\":\"Home - WordPress\",\"isPartOf\":{\"@id\":\"https:\\\/\\\/cecilejutan.fr\\\/#website\"},\"primaryImageOfPage\":{\"@id\":\"https:\\\/\\\/cecilejutan.fr\\\/#primaryimage\"},\"image\":{\"@id\":\"https:\\\/\\\/cecilejutan.fr\\\/#primaryimage\"},\"thumbnailUrl\":\"https:\\\/\\\/cecilejutan.fr\\\/wp-content\\\/uploads\\\/2025\\\/10\\\/Home-Page.jpg\",\"datePublished\":\"2025-10-02T16:23:44+00:00\",\"dateModified\":\"2026-02-26T14:11:32+00:00\",\"breadcrumb\":{\"@id\":\"https:\\\/\\\/cecilejutan.fr\\\/#breadcrumb\"},\"inLanguage\":\"en-US\",\"potentialAction\":[{\"@type\":\"ReadAction\",\"target\":[\"https:\\\/\\\/cecilejutan.fr\\\/\"]}]},{\"@type\":\"ImageObject\",\"inLanguage\":\"en-US\",\"@id\":\"https:\\\/\\\/cecilejutan.fr\\\/#primaryimage\",\"url\":\"https:\\\/\\\/cecilejutan.fr\\\/wp-content\\\/uploads\\\/2025\\\/10\\\/Home-Page.jpg\",\"contentUrl\":\"https:\\\/\\\/cecilejutan.fr\\\/wp-content\\\/uploads\\\/2025\\\/10\\\/Home-Page.jpg\",\"width\":400,\"height\":380},{\"@type\":\"BreadcrumbList\",\"@id\":\"https:\\\/\\\/cecilejutan.fr\\\/#breadcrumb\",\"itemListElement\":[{\"@type\":\"ListItem\",\"position\":1,\"name\":\"Home\",\"item\":\"https:\\\/\\\/cecilejutan.fr\\\/\"},{\"@type\":\"ListItem\",\"position\":2,\"name\":\"Home\"}]},{\"@type\":\"WebSite\",\"@id\":\"https:\\\/\\\/cecilejutan.fr\\\/#website\",\"url\":\"https:\\\/\\\/cecilejutan.fr\\\/\",\"name\":\"Cecile Jutan\",\"description\":\"professeur de yoga - Istres\",\"potentialAction\":[{\"@type\":\"SearchAction\",\"target\":{\"@type\":\"EntryPoint\",\"urlTemplate\":\"https:\\\/\\\/cecilejutan.fr\\\/?s={search_term_string}\"},\"query-input\":{\"@type\":\"PropertyValueSpecification\",\"valueRequired\":true,\"valueName\":\"search_term_string\"}}],\"inLanguage\":\"en-US\"}]}<\/script>\n<!-- \/ Yoast SEO plugin. -->","yoast_head_json":{"title":"Home - WordPress","robots":{"index":"index","follow":"follow","max-snippet":"max-snippet:-1","max-image-preview":"max-image-preview:large","max-video-preview":"max-video-preview:-1"},"canonical":"https:\/\/cecilejutan.fr\/","og_locale":"en_US","og_type":"article","og_title":"Home - WordPress","og_description":"Se reconnecter \u00e0 l\u2019essentiel Cours de Yoga \u2022 Sonoth\u00e9rapie \u2022 Mouvements somatiques \u2022 Rencontres des lieux sacr\u00e9s. Bienveillance et \u00e9coute au c\u0153ur de ma pratique. Prendre rendez-vous par sms Une approche humaine et apaisante Je suis C\u00e9cile Jutan, professeure de yoga certifi\u00e9e. Mon enseignement m\u00eale douceur, pr\u00e9cision et adaptation \u00e0 chacun(e). Je vous accueille en [&hellip;]","og_url":"https:\/\/cecilejutan.fr\/","og_site_name":"WordPress","article_modified_time":"2026-02-26T14:11:32+00:00","og_image":[{"width":400,"height":380,"url":"https:\/\/cecilejutan.fr\/wp-content\/uploads\/2025\/10\/Home-Page.jpg","type":"image\/jpeg"}],"twitter_card":"summary_large_image","twitter_misc":{"Est. reading time":"1 minute"},"schema":{"@context":"https:\/\/schema.org","@graph":[{"@type":"WebPage","@id":"https:\/\/cecilejutan.fr\/","url":"https:\/\/cecilejutan.fr\/","name":"Home - WordPress","isPartOf":{"@id":"https:\/\/cecilejutan.fr\/#website"},"primaryImageOfPage":{"@id":"https:\/\/cecilejutan.fr\/#primaryimage"},"image":{"@id":"https:\/\/cecilejutan.fr\/#primaryimage"},"thumbnailUrl":"https:\/\/cecilejutan.fr\/wp-content\/uploads\/2025\/10\/Home-Page.jpg","datePublished":"2025-10-02T16:23:44+00:00","dateModified":"2026-02-26T14:11:32+00:00","breadcrumb":{"@id":"https:\/\/cecilejutan.fr\/#breadcrumb"},"inLanguage":"en-US","potentialAction":[{"@type":"ReadAction","target":["https:\/\/cecilejutan.fr\/"]}]},{"@type":"ImageObject","inLanguage":"en-US","@id":"https:\/\/cecilejutan.fr\/#primaryimage","url":"https:\/\/cecilejutan.fr\/wp-content\/uploads\/2025\/10\/Home-Page.jpg","contentUrl":"https:\/\/cecilejutan.fr\/wp-content\/uploads\/2025\/10\/Home-Page.jpg","width":400,"height":380},{"@type":"BreadcrumbList","@id":"https:\/\/cecilejutan.fr\/#breadcrumb","itemListElement":[{"@type":"ListItem","position":1,"name":"Home","item":"https:\/\/cecilejutan.fr\/"},{"@type":"ListItem","position":2,"name":"Home"}]},{"@type":"WebSite","@id":"https:\/\/cecilejutan.fr\/#website","url":"https:\/\/cecilejutan.fr\/","name":"Cecile Jutan","description":"professeur de yoga - Istres","potentialAction":[{"@type":"SearchAction","target":{"@type":"EntryPoint","urlTemplate":"https:\/\/cecilejutan.fr\/?s={search_term_string}"},"query-input":{"@type":"PropertyValueSpecification","valueRequired":true,"valueName":"search_term_string"}}],"inLanguage":"en-US"}]}},"_links":{"self":[{"href":"https:\/\/cecilejutan.fr\/index.php?rest_route=\/wp\/v2\/pages\/43","targetHints":{"allow":["GET"]}}],"collection":[{"href":"https:\/\/cecilejutan.fr\/index.php?rest_route=\/wp\/v2\/pages"}],"about":[{"href":"https:\/\/cecilejutan.fr\/index.php?rest_route=\/wp\/v2\/types\/page"}],"author":[{"embeddable":true,"href":"https:\/\/cecilejutan.fr\/index.php?rest_route=\/wp\/v2\/users\/1"}],"replies":[{"embeddable":true,"href":"https:\/\/cecilejutan.fr\/index.php?rest_route=%2Fwp%2Fv2%2Fcomments&post=43"}],"version-history":[{"count":70,"href":"https:\/\/cecilejutan.fr\/index.php?rest_route=\/wp\/v2\/pages\/43\/revisions"}],"predecessor-version":[{"id":618,"href":"https:\/\/cecilejutan.fr\/index.php?rest_route=\/wp\/v2\/pages\/43\/revisions\/618"}],"wp:featuredmedia":[{"embeddable":true,"href":"https:\/\/cecilejutan.fr\/index.php?rest_route=\/wp\/v2\/media\/54"}],"wp:attachment":[{"href":"https:\/\/cecilejutan.fr\/index.php?rest_route=%2Fwp%2Fv2%2Fmedia&parent=43"}],"curies":[{"name":"wp","href":"https:\/\/api.w.org\/{rel}","templated":true}]}}