{"id":334,"date":"2026-01-12T14:41:31","date_gmt":"2026-01-12T14:41:31","guid":{"rendered":"http:\/\/cecilejutan.fr\/?page_id=334"},"modified":"2026-02-26T13:58:39","modified_gmt":"2026-02-26T13:58:39","slug":"elementor-334","status":"publish","type":"page","link":"https:\/\/cecilejutan.fr\/?page_id=334","title":{"rendered":"Rencontre des lieux sacr\u00e9s"},"content":{"rendered":"\t\t<div data-elementor-type=\"wp-page\" data-elementor-id=\"334\" class=\"elementor elementor-334\" data-elementor-post-type=\"page\">\n\t\t\t\t<div class=\"elementor-element elementor-element-6e94ff47 e-flex e-con-boxed e-con e-parent\" data-id=\"6e94ff47\" data-element_type=\"container\">\n\t\t\t\t\t<div class=\"e-con-inner\">\n\t\t\t\t<div class=\"elementor-element elementor-element-150047d7 elementor--h-position-center elementor--v-position-middle elementor-arrows-position-inside elementor-pagination-position-inside elementor-widget elementor-widget-slides\" data-id=\"150047d7\" data-element_type=\"widget\" data-settings=\"{&quot;navigation&quot;:&quot;both&quot;,&quot;autoplay&quot;:&quot;yes&quot;,&quot;pause_on_hover&quot;:&quot;yes&quot;,&quot;pause_on_interaction&quot;:&quot;yes&quot;,&quot;autoplay_speed&quot;:5000,&quot;infinite&quot;:&quot;yes&quot;,&quot;transition&quot;:&quot;slide&quot;,&quot;transition_speed&quot;:500}\" data-widget_type=\"slides.default\">\n\t\t\t\t<div class=\"elementor-widget-container\">\n\t\t\t\t\t\t\t\t\t<div class=\"elementor-swiper\">\n\t\t\t\t\t<div class=\"elementor-slides-wrapper elementor-main-swiper swiper\" role=\"region\" aria-roledescription=\"carousel\" aria-label=\"Slides\" dir=\"ltr\" data-animation=\"fadeInUp\">\n\t\t\t\t<div class=\"swiper-wrapper elementor-slides\">\n\t\t\t\t\t\t\t\t\t\t<div class=\"elementor-repeater-item-f41687f swiper-slide\" role=\"group\" aria-roledescription=\"slide\"><div class=\"swiper-slide-bg\" role=\"img\" aria-label=\"IMG_6421\"><\/div><div class=\"elementor-background-overlay\"><\/div><div class=\"swiper-slide-inner\" ><div class=\"swiper-slide-contents\"><div class=\"elementor-slide-heading\">RENCONTRE DES LIEUX SACR\u00c9S<\/div><\/div><\/div><\/div>\t\t\t\t<\/div>\n\t\t\t\t\t\t\t<\/div>\n\t\t\t\t<\/div>\n\t\t\t\t\t\t\t\t<\/div>\n\t\t\t\t<\/div>\n\t\t\t\t\t<\/div>\n\t\t\t\t<\/div>\n\t\t<div class=\"elementor-element elementor-element-6a7d14b e-flex e-con-boxed e-con e-parent\" data-id=\"6a7d14b\" data-element_type=\"container\">\n\t\t\t\t\t<div class=\"e-con-inner\">\n\t\t<div class=\"elementor-element elementor-element-f51b868 e-con-full e-flex e-con e-child\" data-id=\"f51b868\" data-element_type=\"container\">\n\t\t\t\t<div class=\"elementor-element elementor-element-34d90f8 elementor-widget__width-initial elementor-widget elementor-widget-heading\" data-id=\"34d90f8\" data-element_type=\"widget\" data-widget_type=\"heading.default\">\n\t\t\t\t<div class=\"elementor-widget-container\">\n\t\t\t\t\t<h1 class=\"elementor-heading-title elementor-size-default\">D\u00e9couvrez l'\u00e9nergie des lieux qui nous entourent<\/h1>\t\t\t\t<\/div>\n\t\t\t\t<\/div>\n\t\t\t\t<div class=\"elementor-element elementor-element-f62cbb5 elementor-widget elementor-widget-text-editor\" data-id=\"f62cbb5\" data-element_type=\"widget\" data-widget_type=\"text-editor.default\">\n\t\t\t\t<div class=\"elementor-widget-container\">\n\t\t\t\t\t\t\t\t\t<p>Depuis toujours, je suis fascin\u00e9e par la dimension \u00e9nerg\u00e9tique du corps et du monde qui nous entoure. Le yoga, la sonoth\u00e9rapie, la g\u00e9obiologie et la m\u00e9decine symbolique sont devenus pour moi autant de portes d\u2019exploration, de rencontres et d\u2019exp\u00e9riences v\u00e9cues. Avec mon mari, nous avons uni nos savoirs et nos pratiques pour <strong data-start=\"473\" data-end=\"522\">faire d\u00e9couvrir la puissance des lieux sacr\u00e9s<\/strong>, en combinant yoga, \u00e9nergie et dialogue avec l\u2019invisible.<\/p>\t\t\t\t\t\t\t\t<\/div>\n\t\t\t\t<\/div>\n\t\t\t\t<\/div>\n\t\t<div class=\"elementor-element elementor-element-21e6f61 e-con-full e-flex e-con e-child\" data-id=\"21e6f61\" data-element_type=\"container\">\n\t\t\t\t<div class=\"elementor-element elementor-element-44751e2 elementor-arrows-position-inside elementor-pagination-position-outside elementor-widget elementor-widget-image-carousel\" data-id=\"44751e2\" data-element_type=\"widget\" data-settings=\"{&quot;slides_to_show&quot;:&quot;1&quot;,&quot;navigation&quot;:&quot;both&quot;,&quot;autoplay&quot;:&quot;yes&quot;,&quot;pause_on_hover&quot;:&quot;yes&quot;,&quot;pause_on_interaction&quot;:&quot;yes&quot;,&quot;autoplay_speed&quot;:5000,&quot;infinite&quot;:&quot;yes&quot;,&quot;effect&quot;:&quot;slide&quot;,&quot;speed&quot;:500}\" data-widget_type=\"image-carousel.default\">\n\t\t\t\t<div class=\"elementor-widget-container\">\n\t\t\t\t\t\t\t<div class=\"elementor-image-carousel-wrapper swiper\" role=\"region\" aria-roledescription=\"carousel\" aria-label=\"Image Carousel\" dir=\"ltr\">\n\t\t\t<div class=\"elementor-image-carousel swiper-wrapper\" aria-live=\"off\">\n\t\t\t\t\t\t\t\t<div class=\"swiper-slide\" role=\"group\" aria-roledescription=\"slide\" aria-label=\"1 of 17\"><figure class=\"swiper-slide-inner\"><img decoding=\"async\" class=\"swiper-slide-image\" src=\"http:\/\/cecilejutan.fr\/wp-content\/uploads\/elementor\/thumbs\/IMG_6458-scaled-rhud6hzylurxrym4fzxe6lagq0nrda8xpkdfc3rjao.jpg\" alt=\"IMG_6458\" \/><\/figure><\/div><div class=\"swiper-slide\" role=\"group\" aria-roledescription=\"slide\" aria-label=\"2 of 17\"><figure class=\"swiper-slide-inner\"><img decoding=\"async\" class=\"swiper-slide-image\" src=\"http:\/\/cecilejutan.fr\/wp-content\/uploads\/elementor\/thumbs\/IMG_4662-scaled-rhud5vfu1tx21biw3q6ciqzegrqy8jrdmgprtgozg0.jpg\" alt=\"IMG_4662\" \/><\/figure><\/div><div class=\"swiper-slide\" role=\"group\" aria-roledescription=\"slide\" aria-label=\"3 of 17\"><figure class=\"swiper-slide-inner\"><img decoding=\"async\" class=\"swiper-slide-image\" src=\"http:\/\/cecilejutan.fr\/wp-content\/uploads\/elementor\/thumbs\/IMG_4587-scaled-rhud5tk5o5uhe3lmepd3drgha007t5jwy7esuwrrsg.jpg\" alt=\"IMG_4587\" \/><\/figure><\/div><div class=\"swiper-slide\" role=\"group\" aria-roledescription=\"slide\" aria-label=\"4 of 17\"><figure class=\"swiper-slide-inner\"><img decoding=\"async\" class=\"swiper-slide-image\" src=\"http:\/\/cecilejutan.fr\/wp-content\/uploads\/elementor\/thumbs\/IMG_4570-scaled-rhud5qqn3nqmf9ppv657oa63hue4628pxtgcf2vyb4.jpg\" alt=\"IMG_4570\" \/><\/figure><\/div><div class=\"swiper-slide\" role=\"group\" aria-roledescription=\"slide\" aria-label=\"5 of 17\"><figure class=\"swiper-slide-inner\"><img decoding=\"async\" class=\"swiper-slide-image\" src=\"http:\/\/cecilejutan.fr\/wp-content\/uploads\/elementor\/thumbs\/IMG_6457-scaled-rhud6f6g1co2t4q7wgpih402xv1nq6xqp6eyw9vptc.jpg\" alt=\"IMG_6457\" \/><\/figure><\/div><div class=\"swiper-slide\" role=\"group\" aria-roledescription=\"slide\" aria-label=\"6 of 17\"><figure class=\"swiper-slide-inner\"><img decoding=\"async\" class=\"swiper-slide-image\" src=\"http:\/\/cecilejutan.fr\/wp-content\/uploads\/elementor\/thumbs\/IMG_6445-scaled-rhud6ccxguk7uaubcxhmrmpp5pfk33mjosgigfzwc0.jpg\" alt=\"IMG_6445\" \/><\/figure><\/div><div class=\"swiper-slide\" role=\"group\" aria-roledescription=\"slide\" aria-label=\"7 of 17\"><figure class=\"swiper-slide-inner\"><img decoding=\"async\" class=\"swiper-slide-image\" src=\"http:\/\/cecilejutan.fr\/wp-content\/uploads\/elementor\/thumbs\/IMG_6440-scaled-rhud6ah936hn72x1nwodmn6ryxotnpf30j5jhw2oog.jpg\" alt=\"IMG_6440\" \/><\/figure><\/div><div class=\"swiper-slide\" role=\"group\" aria-roledescription=\"slide\" aria-label=\"8 of 17\"><figure class=\"swiper-slide-inner\"><img decoding=\"async\" class=\"swiper-slide-image\" src=\"http:\/\/cecilejutan.fr\/wp-content\/uploads\/elementor\/thumbs\/IMG_4569-scaled-rhud5nx4j5mrgfttbmxbysvppos0iyxixfhvz904ts.jpg\" alt=\"IMG_4569\" \/><\/figure><\/div><div class=\"swiper-slide\" role=\"group\" aria-roledescription=\"slide\" aria-label=\"9 of 17\"><figure class=\"swiper-slide-inner\"><img decoding=\"async\" class=\"swiper-slide-image\" src=\"http:\/\/cecilejutan.fr\/wp-content\/uploads\/elementor\/thumbs\/IMG_4561-scaled-rhud5m1g5hk6t7wjmm42ttcsix1a3kq2966x0p2x68.jpg\" alt=\"IMG_4561\" \/><\/figure><\/div><div class=\"swiper-slide\" role=\"group\" aria-roledescription=\"slide\" aria-label=\"10 of 17\"><figure class=\"swiper-slide-inner\"><img decoding=\"async\" class=\"swiper-slide-image\" src=\"http:\/\/cecilejutan.fr\/wp-content\/uploads\/elementor\/thumbs\/IMG_6421-scaled-rhud67nqiods89154dghx5we6s2q0m3w0573226v74.jpg\" alt=\"IMG_6421\" \/><\/figure><\/div><div class=\"swiper-slide\" role=\"group\" aria-roledescription=\"slide\" aria-label=\"11 of 17\"><figure class=\"swiper-slide-inner\"><img decoding=\"async\" class=\"swiper-slide-image\" src=\"http:\/\/cecilejutan.fr\/wp-content\/uploads\/elementor\/thumbs\/IMG_6413-scaled-rhud65s250b7l13vfcn8s6dh00bzl7wfbvw43i9njk.jpg\" alt=\"IMG_6413\" \/><\/figure><\/div><div class=\"swiper-slide\" role=\"group\" aria-roledescription=\"slide\" aria-label=\"12 of 17\"><figure class=\"swiper-slide-inner\"><img decoding=\"async\" class=\"swiper-slide-image\" src=\"http:\/\/cecilejutan.fr\/wp-content\/uploads\/elementor\/thumbs\/IMG_4556-scaled-rhud5j7xkzgbue0n32w74c2eqrf6ghev8s8gkv73ow.jpg\" alt=\"IMG_4556\" \/><\/figure><\/div><div class=\"swiper-slide\" role=\"group\" aria-roledescription=\"slide\" aria-label=\"13 of 17\"><figure class=\"swiper-slide-inner\"><img decoding=\"async\" class=\"swiper-slide-image\" src=\"http:\/\/cecilejutan.fr\/wp-content\/uploads\/elementor\/thumbs\/IMG_6103-scaled-rhud62yjki7cm77yvtfd2p337upvy4l8bhxnnodu28.jpg\" alt=\"IMG_6103\" \/><\/figure><\/div><div class=\"swiper-slide\" role=\"group\" aria-roledescription=\"slide\" aria-label=\"14 of 17\"><figure class=\"swiper-slide-inner\"><img decoding=\"async\" class=\"swiper-slide-image\" src=\"http:\/\/cecilejutan.fr\/wp-content\/uploads\/elementor\/thumbs\/IMG_6102-scaled-rhud612v6u4ryzap6sm3xpk612z5iqdrn8mop4gmeo.jpg\" alt=\"IMG_6102\" \/><\/figure><\/div><div class=\"swiper-slide\" role=\"group\" aria-roledescription=\"slide\" aria-label=\"15 of 17\"><figure class=\"swiper-slide-inner\"><img decoding=\"async\" class=\"swiper-slide-image\" src=\"http:\/\/cecilejutan.fr\/wp-content\/uploads\/elementor\/thumbs\/IMG_3941-scaled-rhud5fgktnb6jy63p19oud0kd7xplozxw9minrcods.jpg\" alt=\"IMG_3941\" \/><\/figure><\/div><div class=\"swiper-slide\" role=\"group\" aria-roledescription=\"slide\" aria-label=\"16 of 17\"><figure class=\"swiper-slide-inner\"><img decoding=\"async\" class=\"swiper-slide-image\" src=\"http:\/\/cecilejutan.fr\/wp-content\/uploads\/elementor\/thumbs\/IMG_0447-scaled-rhud5cn2957bl4a75i1t4vq6l2blyloqvvo27xguwg.jpg\" alt=\"IMG_0447\" \/><\/figure><\/div><div class=\"swiper-slide\" role=\"group\" aria-roledescription=\"slide\" aria-label=\"17 of 17\"><figure class=\"swiper-slide-inner\"><img decoding=\"async\" class=\"swiper-slide-image\" src=\"http:\/\/cecilejutan.fr\/wp-content\/uploads\/elementor\/thumbs\/IMG_0445-scaled-rhud5ardvh4qxwcxgh8jzw79eakvj7ha7md39djn8w.jpg\" alt=\"IMG_0445\" \/><\/figure><\/div>\t\t\t<\/div>\n\t\t\t\t\t\t\t\t\t\t\t\t<div class=\"elementor-swiper-button elementor-swiper-button-prev\" role=\"button\" tabindex=\"0\">\n\t\t\t\t\t\t<i aria-hidden=\"true\" class=\"eicon-chevron-left\"><\/i>\t\t\t\t\t<\/div>\n\t\t\t\t\t<div class=\"elementor-swiper-button elementor-swiper-button-next\" role=\"button\" tabindex=\"0\">\n\t\t\t\t\t\t<i aria-hidden=\"true\" class=\"eicon-chevron-right\"><\/i>\t\t\t\t\t<\/div>\n\t\t\t\t\n\t\t\t\t\t\t\t\t\t<div class=\"swiper-pagination\"><\/div>\n\t\t\t\t\t\t\t\t\t<\/div>\n\t\t\t\t\t\t<\/div>\n\t\t\t\t<\/div>\n\t\t\t\t<\/div>\n\t\t\t\t\t<\/div>\n\t\t\t\t<\/div>\n\t\t<div class=\"elementor-element elementor-element-06a5a42 e-flex e-con-boxed e-con e-parent\" data-id=\"06a5a42\" data-element_type=\"container\">\n\t\t\t\t\t<div class=\"e-con-inner\">\n\t\t\t\t<div class=\"elementor-element elementor-element-b156960 elementor-widget elementor-widget-heading\" data-id=\"b156960\" data-element_type=\"widget\" data-widget_type=\"heading.default\">\n\t\t\t\t<div class=\"elementor-widget-container\">\n\t\t\t\t\t<h2 class=\"elementor-heading-title elementor-size-default\">Un voyage au c\u0153ur de l\u2019\u00e9nergie <br> des lieux sacr\u00e9s<\/h2>\t\t\t\t<\/div>\n\t\t\t\t<\/div>\n\t\t\t\t<div class=\"elementor-element elementor-element-fe6aa8e elementor-widget elementor-widget-text-editor\" data-id=\"fe6aa8e\" data-element_type=\"widget\" data-widget_type=\"text-editor.default\">\n\t\t\t\t<div class=\"elementor-widget-container\">\n\t\t\t\t\t\t\t\t\t<p>Les sites sacr\u00e9s ont, par le pass\u00e9, attir\u00e9 les \u00eatres humains par l\u2019\u00e9nergie qui s\u2019en d\u00e9gage et les fonctions th\u00e9rapeutiques qu\u2019ils y trouvaient.<br \/>\u00c9glises, fontaines, dolmens, pierres \u00e0 cupules, arbres v\u00e9n\u00e9rables etc&#8230; les rencontres de lieux sacr\u00e9s ont pour objectif d\u2019activer ces hauts lieux et d\u2019aller \u00e0 la rencontre des vertus de soins et d\u2019enseignement que l\u2019on y trouve.<\/p>\t\t\t\t\t\t\t\t<\/div>\n\t\t\t\t<\/div>\n\t\t\t\t<div class=\"elementor-element elementor-element-e45764a elementor-widget elementor-widget-text-editor\" data-id=\"e45764a\" data-element_type=\"widget\" data-widget_type=\"text-editor.default\">\n\t\t\t\t<div class=\"elementor-widget-container\">\n\t\t\t\t\t\t\t\t\t<p>Lorsque je m\u2019engage dans la voie du yoga, mon corps, mon syst\u00e8me nerveux, mon mental s\u2019apaisent me permettant de contacter la dimension \u00e9nerg\u00e9tique, vibrante en moi et autour de moi. Les chakras, les nadis, la kundalini\u2026 je trouve cela passionnant et j\u2019exp\u00e9rimente. Parfois touch\u00e9e par des moments de gr\u00e2ce.<\/p><p>Je rencontre alors Michel Benedetto, b\u00e2tisseur, musicien, chanteur, passionn\u00e9 d\u2019histoire et de symboles mais aussi g\u00e9obiologue et praticien en <strong>M\u00e9decine Symbolique\u00a9<\/strong>. Devenus amis, il m\u2019initie au fil du temps en partageant avec c\u0153ur ses connaissances. <br \/>Je rencontre \u00e9galement Bruno Verdier pour exp\u00e9rimenter encore lors de stages la g\u00e9obiologie, la bio\u00e9nergie et le yoga de la voix.<\/p><p>Le yoga du son et la sonoth\u00e9rapie deviennent \u00e9galement de merveilleuses sources d\u2019exploration. Tout se rejoint, tout se compl\u00e8te et me nourrit.<br \/>Mon mari Yves Jutan explore de son c\u00f4t\u00e9, se forme aupr\u00e8s de Gilles et Rose Gandy et devient praticien en <strong>M\u00e9decine Symbolique\u00a9<\/strong><\/p>\t\t\t\t\t\t\t\t<\/div>\n\t\t\t\t<\/div>\n\t\t\t\t<div class=\"elementor-element elementor-element-3fda9b7 elementor-widget elementor-widget-text-editor\" data-id=\"3fda9b7\" data-element_type=\"widget\" data-widget_type=\"text-editor.default\">\n\t\t\t\t<div class=\"elementor-widget-container\">\n\t\t\t\t\t\t\t\t\t<p>Il y a quelques ann\u00e9es tout naturellement nous avons unis nos comp\u00e9tences pour proposer des rencontres de lieux sacr\u00e9s alliant une pratique de yoga en d\u00e9but de journ\u00e9e en lien avec le lieu visit\u00e9 et la rencontre subtile d\u2019un lieu sacr\u00e9 \u00e0 l\u2019aide des baguettes coud\u00e9es nous permettant de dialoguer avec l\u2019invisible.<\/p>\t\t\t\t\t\t\t\t<\/div>\n\t\t\t\t<\/div>\n\t\t\t\t\t<\/div>\n\t\t\t\t<\/div>\n\t\t\t\t<\/div>\n\t\t","protected":false},"excerpt":{"rendered":"<p>RENCONTRE DES LIEUX SACR\u00c9S D\u00e9couvrez l&#8217;\u00e9nergie des lieux qui nous entourent Depuis toujours, je suis fascin\u00e9e par la dimension \u00e9nerg\u00e9tique du corps et du monde qui nous entoure. Le yoga, la sonoth\u00e9rapie, la g\u00e9obiologie et la m\u00e9decine symbolique sont devenus pour moi autant de portes d\u2019exploration, de rencontres et d\u2019exp\u00e9riences v\u00e9cues. Avec mon mari, nous [&hellip;]<\/p>\n","protected":false},"author":1,"featured_media":0,"parent":0,"menu_order":0,"comment_status":"closed","ping_status":"closed","template":"","meta":{"footnotes":""},"class_list":["post-334","page","type-page","status-publish","hentry"],"yoast_head":"<!-- This site is optimized with the Yoast SEO plugin v27.4 - https:\/\/yoast.com\/product\/yoast-seo-wordpress\/ -->\n<title>Rencontre des lieux sacr\u00e9s - WordPress<\/title>\n<meta name=\"robots\" content=\"index, follow, max-snippet:-1, max-image-preview:large, max-video-preview:-1\" \/>\n<link rel=\"canonical\" href=\"http:\/\/cecilejutan.fr\/?page_id=334\" \/>\n<meta property=\"og:locale\" content=\"en_US\" \/>\n<meta property=\"og:type\" content=\"article\" \/>\n<meta property=\"og:title\" content=\"Rencontre des lieux sacr\u00e9s - WordPress\" \/>\n<meta property=\"og:description\" content=\"RENCONTRE DES LIEUX SACR\u00c9S D\u00e9couvrez l&#8217;\u00e9nergie des lieux qui nous entourent Depuis toujours, je suis fascin\u00e9e par la dimension \u00e9nerg\u00e9tique du corps et du monde qui nous entoure. Le yoga, la sonoth\u00e9rapie, la g\u00e9obiologie et la m\u00e9decine symbolique sont devenus pour moi autant de portes d\u2019exploration, de rencontres et d\u2019exp\u00e9riences v\u00e9cues. Avec mon mari, nous [&hellip;]\" \/>\n<meta property=\"og:url\" content=\"http:\/\/cecilejutan.fr\/?page_id=334\" \/>\n<meta property=\"og:site_name\" content=\"WordPress\" \/>\n<meta property=\"article:modified_time\" content=\"2026-02-26T13:58:39+00:00\" \/>\n<meta property=\"og:image\" content=\"http:\/\/cecilejutan.fr\/wp-content\/uploads\/elementor\/thumbs\/IMG_6458-scaled-rhud6hzylurxrym4fzxe6lagq0nrda8xpkdfc3rjao.jpg\" \/>\n<meta name=\"twitter:card\" content=\"summary_large_image\" \/>\n<meta name=\"twitter:label1\" content=\"Est. reading time\" \/>\n\t<meta name=\"twitter:data1\" content=\"2 minutes\" \/>\n<script type=\"application\/ld+json\" class=\"yoast-schema-graph\">{\"@context\":\"https:\\\/\\\/schema.org\",\"@graph\":[{\"@type\":\"WebPage\",\"@id\":\"http:\\\/\\\/cecilejutan.fr\\\/?page_id=334\",\"url\":\"http:\\\/\\\/cecilejutan.fr\\\/?page_id=334\",\"name\":\"Rencontre des lieux sacr\u00e9s - WordPress\",\"isPartOf\":{\"@id\":\"https:\\\/\\\/cecilejutan.fr\\\/#website\"},\"primaryImageOfPage\":{\"@id\":\"http:\\\/\\\/cecilejutan.fr\\\/?page_id=334#primaryimage\"},\"image\":{\"@id\":\"http:\\\/\\\/cecilejutan.fr\\\/?page_id=334#primaryimage\"},\"thumbnailUrl\":\"http:\\\/\\\/cecilejutan.fr\\\/wp-content\\\/uploads\\\/elementor\\\/thumbs\\\/IMG_6458-scaled-rhud6hzylurxrym4fzxe6lagq0nrda8xpkdfc3rjao.jpg\",\"datePublished\":\"2026-01-12T14:41:31+00:00\",\"dateModified\":\"2026-02-26T13:58:39+00:00\",\"breadcrumb\":{\"@id\":\"http:\\\/\\\/cecilejutan.fr\\\/?page_id=334#breadcrumb\"},\"inLanguage\":\"en-US\",\"potentialAction\":[{\"@type\":\"ReadAction\",\"target\":[\"http:\\\/\\\/cecilejutan.fr\\\/?page_id=334\"]}]},{\"@type\":\"ImageObject\",\"inLanguage\":\"en-US\",\"@id\":\"http:\\\/\\\/cecilejutan.fr\\\/?page_id=334#primaryimage\",\"url\":\"http:\\\/\\\/cecilejutan.fr\\\/wp-content\\\/uploads\\\/elementor\\\/thumbs\\\/IMG_6458-scaled-rhud6hzylurxrym4fzxe6lagq0nrda8xpkdfc3rjao.jpg\",\"contentUrl\":\"http:\\\/\\\/cecilejutan.fr\\\/wp-content\\\/uploads\\\/elementor\\\/thumbs\\\/IMG_6458-scaled-rhud6hzylurxrym4fzxe6lagq0nrda8xpkdfc3rjao.jpg\"},{\"@type\":\"BreadcrumbList\",\"@id\":\"http:\\\/\\\/cecilejutan.fr\\\/?page_id=334#breadcrumb\",\"itemListElement\":[{\"@type\":\"ListItem\",\"position\":1,\"name\":\"Home\",\"item\":\"https:\\\/\\\/cecilejutan.fr\\\/\"},{\"@type\":\"ListItem\",\"position\":2,\"name\":\"Rencontre des lieux sacr\u00e9s\"}]},{\"@type\":\"WebSite\",\"@id\":\"https:\\\/\\\/cecilejutan.fr\\\/#website\",\"url\":\"https:\\\/\\\/cecilejutan.fr\\\/\",\"name\":\"Cecile Jutan\",\"description\":\"professeur de yoga - Istres\",\"potentialAction\":[{\"@type\":\"SearchAction\",\"target\":{\"@type\":\"EntryPoint\",\"urlTemplate\":\"https:\\\/\\\/cecilejutan.fr\\\/?s={search_term_string}\"},\"query-input\":{\"@type\":\"PropertyValueSpecification\",\"valueRequired\":true,\"valueName\":\"search_term_string\"}}],\"inLanguage\":\"en-US\"}]}<\/script>\n<!-- \/ Yoast SEO plugin. -->","yoast_head_json":{"title":"Rencontre des lieux sacr\u00e9s - WordPress","robots":{"index":"index","follow":"follow","max-snippet":"max-snippet:-1","max-image-preview":"max-image-preview:large","max-video-preview":"max-video-preview:-1"},"canonical":"http:\/\/cecilejutan.fr\/?page_id=334","og_locale":"en_US","og_type":"article","og_title":"Rencontre des lieux sacr\u00e9s - WordPress","og_description":"RENCONTRE DES LIEUX SACR\u00c9S D\u00e9couvrez l&#8217;\u00e9nergie des lieux qui nous entourent Depuis toujours, je suis fascin\u00e9e par la dimension \u00e9nerg\u00e9tique du corps et du monde qui nous entoure. Le yoga, la sonoth\u00e9rapie, la g\u00e9obiologie et la m\u00e9decine symbolique sont devenus pour moi autant de portes d\u2019exploration, de rencontres et d\u2019exp\u00e9riences v\u00e9cues. Avec mon mari, nous [&hellip;]","og_url":"http:\/\/cecilejutan.fr\/?page_id=334","og_site_name":"WordPress","article_modified_time":"2026-02-26T13:58:39+00:00","og_image":[{"url":"http:\/\/cecilejutan.fr\/wp-content\/uploads\/elementor\/thumbs\/IMG_6458-scaled-rhud6hzylurxrym4fzxe6lagq0nrda8xpkdfc3rjao.jpg","type":"","width":"","height":""}],"twitter_card":"summary_large_image","twitter_misc":{"Est. reading time":"2 minutes"},"schema":{"@context":"https:\/\/schema.org","@graph":[{"@type":"WebPage","@id":"http:\/\/cecilejutan.fr\/?page_id=334","url":"http:\/\/cecilejutan.fr\/?page_id=334","name":"Rencontre des lieux sacr\u00e9s - WordPress","isPartOf":{"@id":"https:\/\/cecilejutan.fr\/#website"},"primaryImageOfPage":{"@id":"http:\/\/cecilejutan.fr\/?page_id=334#primaryimage"},"image":{"@id":"http:\/\/cecilejutan.fr\/?page_id=334#primaryimage"},"thumbnailUrl":"http:\/\/cecilejutan.fr\/wp-content\/uploads\/elementor\/thumbs\/IMG_6458-scaled-rhud6hzylurxrym4fzxe6lagq0nrda8xpkdfc3rjao.jpg","datePublished":"2026-01-12T14:41:31+00:00","dateModified":"2026-02-26T13:58:39+00:00","breadcrumb":{"@id":"http:\/\/cecilejutan.fr\/?page_id=334#breadcrumb"},"inLanguage":"en-US","potentialAction":[{"@type":"ReadAction","target":["http:\/\/cecilejutan.fr\/?page_id=334"]}]},{"@type":"ImageObject","inLanguage":"en-US","@id":"http:\/\/cecilejutan.fr\/?page_id=334#primaryimage","url":"http:\/\/cecilejutan.fr\/wp-content\/uploads\/elementor\/thumbs\/IMG_6458-scaled-rhud6hzylurxrym4fzxe6lagq0nrda8xpkdfc3rjao.jpg","contentUrl":"http:\/\/cecilejutan.fr\/wp-content\/uploads\/elementor\/thumbs\/IMG_6458-scaled-rhud6hzylurxrym4fzxe6lagq0nrda8xpkdfc3rjao.jpg"},{"@type":"BreadcrumbList","@id":"http:\/\/cecilejutan.fr\/?page_id=334#breadcrumb","itemListElement":[{"@type":"ListItem","position":1,"name":"Home","item":"https:\/\/cecilejutan.fr\/"},{"@type":"ListItem","position":2,"name":"Rencontre des lieux sacr\u00e9s"}]},{"@type":"WebSite","@id":"https:\/\/cecilejutan.fr\/#website","url":"https:\/\/cecilejutan.fr\/","name":"Cecile Jutan","description":"professeur de yoga - Istres","potentialAction":[{"@type":"SearchAction","target":{"@type":"EntryPoint","urlTemplate":"https:\/\/cecilejutan.fr\/?s={search_term_string}"},"query-input":{"@type":"PropertyValueSpecification","valueRequired":true,"valueName":"search_term_string"}}],"inLanguage":"en-US"}]}},"_links":{"self":[{"href":"https:\/\/cecilejutan.fr\/index.php?rest_route=\/wp\/v2\/pages\/334","targetHints":{"allow":["GET"]}}],"collection":[{"href":"https:\/\/cecilejutan.fr\/index.php?rest_route=\/wp\/v2\/pages"}],"about":[{"href":"https:\/\/cecilejutan.fr\/index.php?rest_route=\/wp\/v2\/types\/page"}],"author":[{"embeddable":true,"href":"https:\/\/cecilejutan.fr\/index.php?rest_route=\/wp\/v2\/users\/1"}],"replies":[{"embeddable":true,"href":"https:\/\/cecilejutan.fr\/index.php?rest_route=%2Fwp%2Fv2%2Fcomments&post=334"}],"version-history":[{"count":48,"href":"https:\/\/cecilejutan.fr\/index.php?rest_route=\/wp\/v2\/pages\/334\/revisions"}],"predecessor-version":[{"id":635,"href":"https:\/\/cecilejutan.fr\/index.php?rest_route=\/wp\/v2\/pages\/334\/revisions\/635"}],"wp:attachment":[{"href":"https:\/\/cecilejutan.fr\/index.php?rest_route=%2Fwp%2Fv2%2Fmedia&parent=334"}],"curies":[{"name":"wp","href":"https:\/\/api.w.org\/{rel}","templated":true}]}}